{"id":273,"date":"2023-08-29T16:29:53","date_gmt":"2023-08-29T21:29:53","guid":{"rendered":"https:\/\/tecnomanta.com\/?page_id=273"},"modified":"2023-08-29T16:39:18","modified_gmt":"2023-08-29T21:39:18","slug":"facturacion","status":"publish","type":"page","link":"https:\/\/tecnomanta.com\/index.php\/firma-inicio\/facturacion\/","title":{"rendered":"Facturaci\u00f3n"},"content":{"rendered":"\n<p>Esta p\u00e1gina es de facturaci\u00f3n electr\u00f3nica<\/p>\n","protected":false},"excerpt":{"rendered":"<p>Esta p\u00e1gina es de facturaci\u00f3n electr\u00f3nica<\/p>\n","protected":false},"author":1,"featured_media":0,"parent":197,"menu_order":0,"comment_status":"closed","ping_status":"closed","template":"template-blank","meta":{"_monsterinsights_skip_tracking":false,"_monsterinsights_sitenote_active":false,"_monsterinsights_sitenote_note":"","_monsterinsights_sitenote_category":0,"footnotes":""},"aioseo_notices":[],"_links":{"self":[{"href":"https:\/\/tecnomanta.com\/index.php\/wp-json\/wp\/v2\/pages\/273"}],"collection":[{"href":"https:\/\/tecnomanta.com\/index.php\/wp-json\/wp\/v2\/pages"}],"about":[{"href":"https:\/\/tecnomanta.com\/index.php\/wp-json\/wp\/v2\/types\/page"}],"author":[{"embeddable":true,"href":"https:\/\/tecnomanta.com\/index.php\/wp-json\/wp\/v2\/users\/1"}],"replies":[{"embeddable":true,"href":"https:\/\/tecnomanta.com\/index.php\/wp-json\/wp\/v2\/comments?post=273"}],"version-history":[{"count":1,"href":"https:\/\/tecnomanta.com\/index.php\/wp-json\/wp\/v2\/pages\/273\/revisions"}],"predecessor-version":[{"id":274,"href":"https:\/\/tecnomanta.com\/index.php\/wp-json\/wp\/v2\/pages\/273\/revisions\/274"}],"up":[{"embeddable":true,"href":"https:\/\/tecnomanta.com\/index.php\/wp-json\/wp\/v2\/pages\/197"}],"wp:attachment":[{"href":"https:\/\/tecnomanta.com\/index.php\/wp-json\/wp\/v2\/media?parent=273"}],"curies":[{"name":"wp","href":"https:\/\/api.w.org\/{rel}","templated":true}]}}